{"id":5302,"date":"2024-09-28T18:02:08","date_gmt":"2024-09-28T16:02:08","guid":{"rendered":"https:\/\/www.escapevenice.it\/regolamento-del-torneo\/"},"modified":"2026-01-29T14:07:02","modified_gmt":"2026-01-29T13:07:02","slug":"regolamento-del-torneo","status":"publish","type":"page","link":"https:\/\/www.escapevenice.it\/it\/regolamento-del-torneo\/","title":{"rendered":"Regolamento del Torneo"},"content":{"rendered":"<p><strong>QUINTO TORNEO ESCAPE VENICE<\/strong> <strong>\u00a0<\/strong> <strong>Periodo:<\/strong> <strong>01 Febbraio 2026 \u2013 30 Aprile 2026<\/strong> \u00a0 <strong>Regolamento <\/strong> La competizione \u00e8 un torneo a squadre in cui risulter\u00e0 vincitrice la squadra che completer\u00e0 il percorso nel minor tempo. La competizione combina orienteering e gli sport della mente (Escape Room outdoor). Ai partecipanti verranno date delle mappe di orienteering e delle bussole per la durata del gioco. Lungo il percorso ci saranno dei punti (lanterne) in cui dovranno essere risolti degli enigmi per poter procedere e completare il percorso. Potranno partecipare i soci ASI e tesserati FISO. Chi non \u00e8 socio ASI potr\u00e0 tesserarsi in sede (prezzi indicati nel sito web). Il tempo massimo per concludere il percorso \u00e8 di 2 ore. I giocatori potranno partecipare 1 sola volta per ciascun percorso durante il periodo del torneo. <strong>Iscrizione e quote:<\/strong> L\u2019iscrizione pu\u00f2 essere effettuata nel sito web <a href=\"https:\/\/www.escapevenice.it\/it\" target=\"_blank\" rel=\"noopener\">www.escapevenice.it<\/a> e sar\u00e0 possibile iscriversi fino al termine del Torneo. La prenotazione \u00e8 gratuita e potr\u00e0 essere fatta fino a 2 ore dalla partenza, selezionando uno dei due percorsi previsti e di seguito indicati. In caso di mal tempo la gara potr\u00e0 essere posticipata previo avviso o cancellata. In caso di cancellazione o disdetta inviare una mail almeno 2 ore prima della partenza a <a href=\"mailto:info@escapevenice.it\" target=\"_blank\" rel=\"noopener\">info@escapevenice.it<\/a> o telefonare al +39 3339845117 Al momento della prenotazione nel campo NOTE: dovranno essere indicati i nomi dei partecipanti ed il rappresentante della squadra. L\u2019Associazione verificher\u00e0 che i giocatori non abbiamo gi\u00e0 partecipato al torneo e siano tesserati. La quota di partecipazione \u00e8 quella indicata nel sito web per i due percorsi sottoindicati e sar\u00e0 pagata al momento della partenza presso la sede dell&#8217;Associazione. <strong>\u00a0<\/strong> <strong>Squadre:<\/strong> Il torneo si svolge a squadre composte da 2-10 persone <strong>Percorsi<\/strong> Sono previsti due percorsi di gara denominati: &#8211; Il Tesoro dei Templari &#8211; Fuga dalla Peste I giocatori che concludono il percorso dovranno darne immediata comunicazione al Game Master incaricato di registrare il tempo di gara, comunicando il risultato dell\u2019enigma finale. Solo in tal modo verr\u00e0 interrotto il tempo gioco. <strong>Premiazione<\/strong> Durante il periodo del torneo nel sito web verr\u00e0 periodicamente aggiornato il nome della miglior squadra ed il tempo conseguito (graduatoria temporanea). La premiazione finale avverr\u00e0 nei giorni successivi alla fine del Torneo e il nome della squadra vincente pubblicato sul sito web. Verr\u00e0 premiata la miglior squadra per ciascun percorso. Alla miglior squadra verr\u00e0 inviato via mail (al rappresentante della squadra) un voucher per una successiva sessione di Escape Room per un importo corrispondente al numero di giocatori iscritti.<\/p>\n","protected":false},"excerpt":{"rendered":"<p>QUINTO TORNEO ESCAPE VENICE \u00a0 Periodo: 01 Febbraio 2026 \u2013 30 Aprile 2026 \u00a0 Regolamento La competizione \u00e8 un torneo a squadre in cui risulter\u00e0 vincitrice la squadra che completer\u00e0 il percorso nel minor tempo. La competizione combina orienteering e gli sport della mente (Escape Room outdoor). Ai partecipanti verranno date delle mappe di orienteering [&hellip;]<\/p>\n","protected":false},"author":1,"featured_media":0,"parent":0,"menu_order":0,"comment_status":"closed","ping_status":"closed","template":"page-nosidebar.php","meta":{"footnotes":""},"class_list":["post-5302","page","type-page","status-publish","hentry"],"yoast_head":"<!-- This site is optimized with the Yoast SEO plugin v27.5 - https:\/\/yoast.com\/product\/yoast-seo-wordpress\/ -->\n<title>Regolamento del Torneo - Escape Venice ASD - Escape Room<\/title>\n<meta name=\"robots\" content=\"index, follow, max-snippet:-1, max-image-preview:large, max-video-preview:-1\" \/>\n<link rel=\"canonical\" href=\"https:\/\/www.escapevenice.it\/it\/regolamento-del-torneo\/\" \/>\n<meta property=\"og:locale\" content=\"it_IT\" \/>\n<meta property=\"og:type\" content=\"article\" \/>\n<meta property=\"og:title\" content=\"Regolamento del Torneo - Escape Venice ASD - Escape Room\" \/>\n<meta property=\"og:description\" content=\"QUINTO TORNEO ESCAPE VENICE \u00a0 Periodo: 01 Febbraio 2026 \u2013 30 Aprile 2026 \u00a0 Regolamento La competizione \u00e8 un torneo a squadre in cui risulter\u00e0 vincitrice la squadra che completer\u00e0 il percorso nel minor tempo. La competizione combina orienteering e gli sport della mente (Escape Room outdoor). Ai partecipanti verranno date delle mappe di orienteering [&hellip;]\" \/>\n<meta property=\"og:url\" content=\"https:\/\/www.escapevenice.it\/it\/regolamento-del-torneo\/\" \/>\n<meta property=\"og:site_name\" content=\"Escape Venice ASD - Escape Room\" \/>\n<meta property=\"article:publisher\" content=\"https:\/\/www.facebook.com\/EscapeVeniceASD\/\" \/>\n<meta property=\"article:modified_time\" content=\"2026-01-29T13:07:02+00:00\" \/>\n<meta name=\"twitter:card\" content=\"summary_large_image\" \/>\n<meta name=\"twitter:site\" content=\"@EscapeVenice\" \/>\n<meta name=\"twitter:label1\" content=\"Tempo di lettura stimato\" \/>\n\t<meta name=\"twitter:data1\" content=\"2 minuti\" \/>\n<script type=\"application\/ld+json\" class=\"yoast-schema-graph\">{\"@context\":\"https:\\\/\\\/schema.org\",\"@graph\":[{\"@type\":\"WebPage\",\"@id\":\"https:\\\/\\\/www.escapevenice.it\\\/it\\\/regolamento-del-torneo\\\/\",\"url\":\"https:\\\/\\\/www.escapevenice.it\\\/it\\\/regolamento-del-torneo\\\/\",\"name\":\"Regolamento del Torneo - Escape Venice ASD - Escape Room\",\"isPartOf\":{\"@id\":\"https:\\\/\\\/www.escapevenice.it\\\/it\\\/#website\"},\"datePublished\":\"2024-09-28T16:02:08+00:00\",\"dateModified\":\"2026-01-29T13:07:02+00:00\",\"breadcrumb\":{\"@id\":\"https:\\\/\\\/www.escapevenice.it\\\/it\\\/regolamento-del-torneo\\\/#breadcrumb\"},\"inLanguage\":\"it-IT\",\"potentialAction\":[{\"@type\":\"ReadAction\",\"target\":[\"https:\\\/\\\/www.escapevenice.it\\\/it\\\/regolamento-del-torneo\\\/\"]}]},{\"@type\":\"BreadcrumbList\",\"@id\":\"https:\\\/\\\/www.escapevenice.it\\\/it\\\/regolamento-del-torneo\\\/#breadcrumb\",\"itemListElement\":[{\"@type\":\"ListItem\",\"position\":1,\"name\":\"Home\",\"item\":\"https:\\\/\\\/www.escapevenice.it\\\/it\\\/\"},{\"@type\":\"ListItem\",\"position\":2,\"name\":\"Regolamento del Torneo\"}]},{\"@type\":\"WebSite\",\"@id\":\"https:\\\/\\\/www.escapevenice.it\\\/it\\\/#website\",\"url\":\"https:\\\/\\\/www.escapevenice.it\\\/it\\\/\",\"name\":\"Il Mercante di Venezia - Escape Venice ASD - Escape Room\",\"description\":\"an unforgettable game!\",\"potentialAction\":[{\"@type\":\"SearchAction\",\"target\":{\"@type\":\"EntryPoint\",\"urlTemplate\":\"https:\\\/\\\/www.escapevenice.it\\\/it\\\/?s={search_term_string}\"},\"query-input\":{\"@type\":\"PropertyValueSpecification\",\"valueRequired\":true,\"valueName\":\"search_term_string\"}}],\"inLanguage\":\"it-IT\"}]}<\/script>\n<!-- \/ Yoast SEO plugin. -->","yoast_head_json":{"title":"Regolamento del Torneo - Escape Venice ASD - Escape Room","robots":{"index":"index","follow":"follow","max-snippet":"max-snippet:-1","max-image-preview":"max-image-preview:large","max-video-preview":"max-video-preview:-1"},"canonical":"https:\/\/www.escapevenice.it\/it\/regolamento-del-torneo\/","og_locale":"it_IT","og_type":"article","og_title":"Regolamento del Torneo - Escape Venice ASD - Escape Room","og_description":"QUINTO TORNEO ESCAPE VENICE \u00a0 Periodo: 01 Febbraio 2026 \u2013 30 Aprile 2026 \u00a0 Regolamento La competizione \u00e8 un torneo a squadre in cui risulter\u00e0 vincitrice la squadra che completer\u00e0 il percorso nel minor tempo. La competizione combina orienteering e gli sport della mente (Escape Room outdoor). Ai partecipanti verranno date delle mappe di orienteering [&hellip;]","og_url":"https:\/\/www.escapevenice.it\/it\/regolamento-del-torneo\/","og_site_name":"Escape Venice ASD - Escape Room","article_publisher":"https:\/\/www.facebook.com\/EscapeVeniceASD\/","article_modified_time":"2026-01-29T13:07:02+00:00","twitter_card":"summary_large_image","twitter_site":"@EscapeVenice","twitter_misc":{"Tempo di lettura stimato":"2 minuti"},"schema":{"@context":"https:\/\/schema.org","@graph":[{"@type":"WebPage","@id":"https:\/\/www.escapevenice.it\/it\/regolamento-del-torneo\/","url":"https:\/\/www.escapevenice.it\/it\/regolamento-del-torneo\/","name":"Regolamento del Torneo - Escape Venice ASD - Escape Room","isPartOf":{"@id":"https:\/\/www.escapevenice.it\/it\/#website"},"datePublished":"2024-09-28T16:02:08+00:00","dateModified":"2026-01-29T13:07:02+00:00","breadcrumb":{"@id":"https:\/\/www.escapevenice.it\/it\/regolamento-del-torneo\/#breadcrumb"},"inLanguage":"it-IT","potentialAction":[{"@type":"ReadAction","target":["https:\/\/www.escapevenice.it\/it\/regolamento-del-torneo\/"]}]},{"@type":"BreadcrumbList","@id":"https:\/\/www.escapevenice.it\/it\/regolamento-del-torneo\/#breadcrumb","itemListElement":[{"@type":"ListItem","position":1,"name":"Home","item":"https:\/\/www.escapevenice.it\/it\/"},{"@type":"ListItem","position":2,"name":"Regolamento del Torneo"}]},{"@type":"WebSite","@id":"https:\/\/www.escapevenice.it\/it\/#website","url":"https:\/\/www.escapevenice.it\/it\/","name":"Il Mercante di Venezia - Escape Venice ASD - Escape Room","description":"an unforgettable game!","potentialAction":[{"@type":"SearchAction","target":{"@type":"EntryPoint","urlTemplate":"https:\/\/www.escapevenice.it\/it\/?s={search_term_string}"},"query-input":{"@type":"PropertyValueSpecification","valueRequired":true,"valueName":"search_term_string"}}],"inLanguage":"it-IT"}]}},"_links":{"self":[{"href":"https:\/\/www.escapevenice.it\/it\/wp-json\/wp\/v2\/pages\/5302","targetHints":{"allow":["GET"]}}],"collection":[{"href":"https:\/\/www.escapevenice.it\/it\/wp-json\/wp\/v2\/pages"}],"about":[{"href":"https:\/\/www.escapevenice.it\/it\/wp-json\/wp\/v2\/types\/page"}],"author":[{"embeddable":true,"href":"https:\/\/www.escapevenice.it\/it\/wp-json\/wp\/v2\/users\/1"}],"replies":[{"embeddable":true,"href":"https:\/\/www.escapevenice.it\/it\/wp-json\/wp\/v2\/comments?post=5302"}],"version-history":[{"count":14,"href":"https:\/\/www.escapevenice.it\/it\/wp-json\/wp\/v2\/pages\/5302\/revisions"}],"predecessor-version":[{"id":5783,"href":"https:\/\/www.escapevenice.it\/it\/wp-json\/wp\/v2\/pages\/5302\/revisions\/5783"}],"wp:attachment":[{"href":"https:\/\/www.escapevenice.it\/it\/wp-json\/wp\/v2\/media?parent=5302"}],"curies":[{"name":"wp","href":"https:\/\/api.w.org\/{rel}","templated":true}]}}